{"id":764,"date":"2023-09-07T15:38:21","date_gmt":"2023-09-07T15:38:21","guid":{"rendered":"https:\/\/www.paglianiservice.it\/?page_id=764"},"modified":"2024-06-21T11:07:45","modified_gmt":"2024-06-21T11:07:45","slug":"privacy-policy-2","status":"publish","type":"page","link":"https:\/\/www.paglianiservice.it\/en\/privacy-policy-2\/","title":{"rendered":"Privacy disclaimer"},"content":{"rendered":"\n<h1 class=\"wp-block-heading\"><strong>Informativa privacy resa ai sensi dell\u2019art. 13 del Regolamento UE 2016\/679<\/strong><\/h1>\n\n\n\n<p>La presente informativa ha lo scopo di descrivere le modalit\u00e0 di gestione del sito internet www.paglianiservice.it (di seguito, il \u201c<strong>Sito<\/strong>\u201d) con riferimento al trattamento di dati personali degli individui che accedono, usano o interagiscono con esso (di seguito, l\u2019\u201c<strong>Utente<\/strong>\u201d o gli \u201c<strong>Utenti<\/strong>\u201d).&nbsp;<\/p>\n\n\n\n<p>Si tratta di un\u2019informativa generale resa nel rispetto dell\u2019art. 13 del Regolamento (UE) 2016\/679 relativo alla protezione delle persone fisiche con riguardo al trattamento di dati personali, nonch\u00e9 alla libera circolazione di tali dati (di seguito, il \u201c<strong>Regolamento<\/strong>\u201d o \u201c<strong>GDPR<\/strong>\u201d) a tutti gli Utenti che consultano e\/o interagiscono con i servizi resi attraverso il Sito dalla societ\u00e0<strong> Pagliani Service S.r.l.<\/strong>, con sede legale in Via Enzo Ferrari, 17 &#8211; 00012, Guidonia Montecelio (RM), (di seguito, la \u201c<strong>Societ\u00e0<\/strong>\u201d o il \u201c<strong>Titolare<\/strong>\u201d).<\/p>\n\n\n\n<p>Con questa informativa verranno illustrate le finalit\u00e0 e le modalit\u00e0 con cui il Titolare acquisisce e tratta i dati personali degli Utenti, quali categorie di dati sono oggetto di trattamento, quali sono i diritti degli interessati ai sensi del Regolamento e come possono essere esercitati.<\/p>\n\n\n\n<p>L\u2019informativa \u00e8 resa esclusivamente per il Sito, con esclusione da parte della Societ\u00e0 di responsabilit\u00e0 collegata a consultazioni di siti web di terze parti consultati tramite collegamenti ipertestuali.<\/p>\n\n\n\n<p>Utilizzando il Sito, gli Utenti sono invitati a prendere visione della presente informativa prima di fornire informazioni personali di qualsiasi genere.<\/p>\n\n\n\n<ol class=\"wp-block-list\" start=\"1\">\n<li><strong>Categorie di dati personali.<\/strong><\/li>\n<\/ol>\n\n\n\n<ol class=\"wp-block-list\" style=\"list-style-type:lower-alpha\">\n<li><strong>Dati acquisiti in caso di utilizzo dei Servizi<\/strong><\/li>\n<\/ol>\n\n\n\n<p>Il Titolare acquisir\u00e0 i dati personali conferiti dall\u2019Utente nei moduli di contatto, nella sezione \u201cContattaci\u201d (quali: nome, cognome, numero di telefono, indirizzo e-mail), al fine di contattare il Titolare attraverso il Sito.<\/p>\n\n\n\n<p>Il conferimento di tali dati \u00e8 facoltativo per la navigazione sul Sito, ma l\u2019eventuale rifiuto a conferirli potrebbe comportare l\u2019impossibilit\u00e0 di usufruire del servizio offerto.<\/p>\n\n\n\n<ol class=\"wp-block-list\" start=\"2\" style=\"list-style-type:lower-alpha\">\n<li><strong>Dati forniti volontariamente dall\u2019Utente<\/strong><\/li>\n<\/ol>\n\n\n\n<p>Il Titolare potr\u00e0 trattare altres\u00ec ogni altra informazione, anche a carattere personale, che l\u2019Utente comunicher\u00e0 di propria spontanea iniziativa per mezzo del campo liberamente compilabile e presente nel modulo di contatto, di cui alla sezione \u201cContattaci\u201d.<\/p>\n\n\n\n<p>Al riguardo, si precisa che i dati forniti dall\u2019Utente dovranno riguardare soltanto quelli strettamente necessari al fine di fruire dei servizi offerti dal Sito. Si prega l\u2019Utente di non fornire altri dati, in particolare quelli relativi allo stato di salute, convinzioni religiose e opinioni politiche o dati relativi a condanne penali o reati. Tali dati non saranno comunque oggetto di utilizzo da parte del Titolare.&nbsp;<\/p>\n\n\n\n<p>Ad ogni modo, il conferimento di tali Dati \u00e8 facoltativo per inviare la richiesta di contatto, ma potrebbe essere necessario per l\u2019Utente al fine di specificare la medesima. &nbsp;<\/p>\n\n\n\n<p><strong>I dati personali sopra elencati saranno trattati dal Titolare esclusivamente per le finalit\u00e0 e nei limiti indicati nel successivo paragrafo.<\/strong><\/p>\n\n\n\n<ol class=\"wp-block-list\" start=\"2\">\n<li><strong>Finalit\u00e0 e base giuridica del trattamento.<\/strong><\/li>\n<\/ol>\n\n\n\n<p>Le categorie di dati indicati al precedente paragrafo saranno trattati dal Titolare:<\/p>\n\n\n\n<ol class=\"wp-block-list\" start=\"1\" style=\"list-style-type:upper-alpha\">\n<li>al fine di consentire la navigazione dell\u2019Utente sul Sito e il suo stesso funzionamento, saranno trattati i dati di cui al precedente paragrafo, lettera a). In tal caso, la base giuridica si individua nel legittimo interesse del Titolare del trattamento al corretto funzionamento del Sito [art. 6, par. 1, lett. f) GDPR];<\/li>\n\n\n\n<li>al fine di dare seguito a una richiesta di contatto proveniente dall\u2019Utente, nell\u2019apposita sezione \u201cContattaci\u201d. In tal caso, la base giuridica \u00e8 individuata nell\u2019esecuzione di misure precontrattuali su richiesta dell\u2019interessato [art. 6, par. 1, lett. b) GDPR].<\/li>\n<\/ol>\n\n\n\n<ol class=\"wp-block-list\" start=\"3\">\n<li><strong>Categorie di soggetti ai quali i dati personali possono essere comunicati e finalit\u00e0 della comunicazione<\/strong><\/li>\n<\/ol>\n\n\n\n<p>Il Titolare potr\u00e0 comunicare, per le medesime finalit\u00e0 indicate nel precedente paragrafo 2, a soggetti interni alla sua organizzazione, espressamente designati al trattamento e, pertanto, debitamente istruiti dal Titolare.<\/p>\n\n\n\n<p>Il Titolare potr\u00e0 comunicare alcuni dati personali dell\u2019Utente anche a soggetti terzi, che tratteranno i suoi dati personali in qualit\u00e0 di responsabili del trattamento ai sensi dell\u2019art. 28 del Regolamento. La lista dei Responsabili del trattamento \u00e8 disponibile presso il Titolare, contattabile al seguente indirizzo: privacy@paglianiservice.it<\/p>\n\n\n\n<ol class=\"wp-block-list\" start=\"4\">\n<li><strong>Periodo di conservazione dei dati<\/strong><\/li>\n<\/ol>\n\n\n\n<p>Il Titolare conserver\u00e0 i dati per tutto il tempo necessario a perseguire le finalit\u00e0 descritte nella presente informativa al paragrafo 2. Pi\u00f9 nel dettaglio, il Titolare conserver\u00e0 i suoi dati come segue:<\/p>\n\n\n\n<ul class=\"wp-block-list\">\n<li>per la finalit\u00e0 di cui alla lettera a), il Titolare conserver\u00e0 i Suoi dati per un periodo pari a <a>30 giorni<\/a>;<\/li>\n\n\n\n<li>per la finalit\u00e0 di cui alla lettera b), il Titolare conserver\u00e0 i Suoi dati per il <a>periodo necessario ad evadere la Sua richiesta di contatto<\/a>\u00a0ed, eventualmente, per un periodo ulteriore per consentire l\u2019esercizio di difesa del medesimo.<\/li>\n<\/ul>\n\n\n\n<ol class=\"wp-block-list\" start=\"5\">\n<li><strong>Trasferimenti al di fuori dello Spazio Economico Europeo<\/strong>\u00a0<strong> (\u201cSEE\u201d)<\/strong><\/li>\n<\/ol>\n\n\n\n<p>I dati personali dell\u2019Utente non saranno trattati dal Titolare al di fuori del SEE.<\/p>\n\n\n\n<ol class=\"wp-block-list\" start=\"6\">\n<li><strong>Diritti degli interessati<\/strong><\/li>\n<\/ol>\n\n\n\n<p>L\u2019Utente ha la facolt\u00e0 di esercitare i diritti previsti dagli artt. 15 e ss. del Regolamento, in particolare:<\/p>\n\n\n\n<ul class=\"wp-block-list\">\n<li>il diritto di accesso ai dati personali e, in particolare, di accedere, nonch\u00e9 di chiedere e ottenere informazioni circa l\u2019esistenza di dati personali a Lei riferibili nella disponibilit\u00e0 del Titolare;<\/li>\n\n\n\n<li>il diritto di rettifica e, in particolare, di chiedere e ottenere la modifica e\/o la correzione dei Suoi dati personali se ritiene che siano inaccurati o incompleti;<\/li>\n\n\n\n<li>il diritto di richiedere, al ricorrere delle circostanze di cui al Regolamento, la cancellazione dei dati personali ovvero la limitazione del trattamento avente ad oggetto gli stessi;<\/li>\n\n\n\n<li>il diritto di richiedere, se del caso, la portabilit\u00e0 dei dati personali;<\/li>\n\n\n\n<li>qualora prestato, il diritto di revocare in ogni momento il proprio consenso.<\/li>\n<\/ul>\n\n\n\n<p>Tali richieste potranno essere richieste al Titolare, scrivendo al seguente indirizzo di posta elettronica <a href=\"mailto:privacy@paglianiservice.it\">privacy@paglianiservice.it<\/a> oppure tramite posta cartacea.<\/p>\n\n\n\n<p>Infine, che ai sensi della disciplina vigente, l\u2019Utente pu\u00f2 proporre eventuali reclami riguardanti i trattamenti di Suoi dati personali all\u2019Autorit\u00e0 garante per la protezione dei dati personali.<\/p>\n\n\n\n<ol class=\"wp-block-list\" start=\"7\">\n<li><strong>Data Protection Officer<\/strong><\/li>\n<\/ol>\n\n\n\n<p>Il Titolare del trattamento ha provveduto a nominare un Responsabile per la protezione dei Dati (\u201cDPO\u201d, dall\u2019acronimo inglese, \u201cData Protection Officer\u201d). <\/p>\n\n\n\n<p>Il DPO \u00e8 contattabile al seguente indirizzo: dpo@paglianiservice.it<a id=\"_msocom_1\"><\/a><\/p>\n","protected":false},"excerpt":{"rendered":"<p>Informativa privacy resa ai sensi dell\u2019art. 13 del Regolamento UE 2016\/679 La presente informativa ha lo scopo di descrivere le modalit\u00e0 di gestione del sito internet www.paglianiservice.it (di seguito, il \u201cSito\u201d) con riferimento al trattamento di dati personali degli individui che accedono, usano o interagiscono con esso (di seguito, l\u2019\u201cUtente\u201d o gli \u201cUtenti\u201d).&nbsp; Si tratta di un\u2019informativa generale resa nel rispetto dell\u2019art. 13 del Regolamento (UE) 2016\/679 relativo alla protezione[&hellip;]<\/p>\n","protected":false},"author":1,"featured_media":0,"parent":0,"menu_order":0,"comment_status":"closed","ping_status":"closed","template":"","meta":{"_acf_changed":false,"footnotes":""},"class_list":["post-764","page","type-page","status-publish","hentry"],"acf":[],"_links":{"self":[{"href":"https:\/\/www.paglianiservice.it\/en\/wp-json\/wp\/v2\/pages\/764","targetHints":{"allow":["GET"]}}],"collection":[{"href":"https:\/\/www.paglianiservice.it\/en\/wp-json\/wp\/v2\/pages"}],"about":[{"href":"https:\/\/www.paglianiservice.it\/en\/wp-json\/wp\/v2\/types\/page"}],"author":[{"embeddable":true,"href":"https:\/\/www.paglianiservice.it\/en\/wp-json\/wp\/v2\/users\/1"}],"replies":[{"embeddable":true,"href":"https:\/\/www.paglianiservice.it\/en\/wp-json\/wp\/v2\/comments?post=764"}],"version-history":[{"count":0,"href":"https:\/\/www.paglianiservice.it\/en\/wp-json\/wp\/v2\/pages\/764\/revisions"}],"wp:attachment":[{"href":"https:\/\/www.paglianiservice.it\/en\/wp-json\/wp\/v2\/media?parent=764"}],"curies":[{"name":"wp","href":"https:\/\/api.w.org\/{rel}","templated":true}]}}